{"id":2452,"date":"2025-05-21T14:59:39","date_gmt":"2025-05-21T12:59:39","guid":{"rendered":"https:\/\/www.surfnesslodge.com\/termos-e-condicoes\/"},"modified":"2025-07-25T14:07:07","modified_gmt":"2025-07-25T12:07:07","slug":"termos-e-condicoes","status":"publish","type":"page","link":"https:\/\/www.surfnesslodge.com\/pt-pt\/termos-e-condicoes\/","title":{"rendered":"Termos e condi\u00e7\u00f5es"},"content":{"rendered":"\t\t<div data-elementor-type=\"wp-page\" data-elementor-id=\"2452\" class=\"elementor elementor-2452 elementor-1073\" wpc-filter-elementor-widget=\"1\">\n\t\t\t\t<div class=\"elementor-element elementor-element-5b0da2fe e-flex e-con-boxed e-con e-parent\" data-id=\"5b0da2fe\" data-element_type=\"container\" data-e-type=\"container\">\n\t\t\t\t\t<div class=\"e-con-inner\">\n\t\t\t\t<div class=\"elementor-element elementor-element-480a42ab elementor-widget elementor-widget-shortcode\" data-id=\"480a42ab\" data-element_type=\"widget\" data-e-type=\"widget\" data-widget_type=\"shortcode.default\">\n\t\t\t\t<div class=\"elementor-widget-container\">\n\t\t\t\t\t\t\t<div class=\"elementor-shortcode\">\n<!-- This legal document was generated by Complianz Terms &amp; Conditions https:\/\/wordpress.org\/plugins\/complianz-terms-conditions -->\n<div id=\"cmplz-document\" class=\"cmplz-document cmplz-terms-conditions \"><p><i>The Terms and Conditions were last updated on 27 de June, 2025<\/i><\/p><h2>1. Introdu\u00e7\u00e3o<\/h2><p>Estes Termos e condi\u00e7\u00f5es aplicam-se a este site e \u00e0s transa\u00e7\u00f5es relacionadas aos nossos produtos e servi\u00e7os.&nbsp;Voc\u00ea pode estar sujeito a contratos adicionais relacionados ao seu relacionamento conosco ou quaisquer produtos ou servi\u00e7os que receba de n\u00f3s.&nbsp;Se alguma cl\u00e1usula dos contratos adicionais entrar em conflito com qualquer cl\u00e1usula destes Termos, as cl\u00e1usulas desses contratos adicionais prevalecer\u00e3o.<\/p><h2>2. Obriga\u00e7\u00f5es<\/h2><p>Ao se registrar, acessar ou usar este site de outra forma, voc\u00ea concorda em obedecer a estes Termos e condi\u00e7\u00f5es definidos abaixo.&nbsp;A simples utiliza\u00e7\u00e3o deste site implica o conhecimento e aceita\u00e7\u00e3o destes Termos e condi\u00e7\u00f5es.&nbsp;Em alguns casos espec\u00edficos, tamb\u00e9m podemos pedir que voc\u00ea concorde explicitamente.<\/p><h2>3. Comunica\u00e7\u00e3o eletr\u00f4nica<\/h2><p>Ao utilizar este site ou comunicar-se conosco por meios eletr\u00f4nicos, voc\u00ea concorda e reconhece que podemos nos comunicar com voc\u00ea eletronicamente em nosso site ou enviando um e-mail e concorda que todos os acordos, avisos, divulga\u00e7\u00f5es e outras comunica\u00e7\u00f5es que fornecemos eletronicamente a voc\u00ea satisfazem a qualquer requisito legal, incluindo, mas n\u00e3o se limitando ao requisito de que tais comunica\u00e7\u00f5es sejam feitas por escrito.<\/p><h2>4. Propriedade intelectual<\/h2><p>N\u00f3s ou nossos licenciantes possu\u00edmos e controlamos todos os direitos autorais e outros direitos de propriedade intelectual no site e os dados, informa\u00e7\u00f5es e outros recursos exibidos ou acess\u00edveis dentro do site.<\/p><p class=\"cmplz-subtitle\">4.1 Todos os direitos s\u00e3o reservados<\/p><p>A menos que conte\u00fados espec\u00edficos determinem o contr\u00e1rio, voc\u00ea n\u00e3o recebe uma licen\u00e7a ou qualquer outro direito sob Copyright, Marca Registrada, Patente ou outros Direitos de Propriedade Intelectual.&nbsp;Isso significa que voc\u00ea n\u00e3o vai usar, copiar, reproduzir, executar, exibir, distribuir, incorporar em qualquer meio eletr\u00f4nico, alterar, fazer engenharia reversa, descompilar, transferir, baixar, transmitir, monetizar, vender, negociar ou comercializar quaisquer recursos neste site em qualquer forma, sem nossa permiss\u00e3o pr\u00e9via por escrito, exceto e somente na medida estipulada de outra forma nos regulamentos da lei obrigat\u00f3ria (como o direito de cota\u00e7\u00e3o).<\/p><h2>5. Newsletter<\/h2><p>N\u00e3o obstante o acima exposto, voc\u00ea poder\u00e1 encaminhar a nossa newsletter em formato eletr\u00f4nico a outras pessoas que tenham interesse em visitar o nosso site.<\/p><h2>6. Propriedade de terceiros<\/h2><p>Nosso site pode incluir hiperlinks ou outras refer\u00eancias a sites de terceiros.&nbsp;N\u00e3o monitoramos ou revisamos o conte\u00fado de sites de terceiros que est\u00e3o vinculados a partir deste site.&nbsp;Os produtos ou servi\u00e7os oferecidos por outros sites estar\u00e3o sujeitos aos Termos e Condi\u00e7\u00f5es aplic\u00e1veis desses terceiros.&nbsp;As opini\u00f5es expressas ou o material que aparece nesses sites n\u00e3o s\u00e3o necessariamente compartilhados ou endossados por n\u00f3s.<\/p><p>N\u00e3o seremos respons\u00e1veis por quaisquer pr\u00e1ticas de privacidade ou conte\u00fado desses sites.&nbsp;Voc\u00ea assume todos os riscos associados ao uso desses sites e de quaisquer servi\u00e7os de terceiros relacionados.&nbsp;N\u00e3o aceitaremos qualquer responsabilidade por qualquer perda ou dano de qualquer forma, causado por voc\u00ea, resultante da sua divulga\u00e7\u00e3o a terceiros de informa\u00e7\u00f5es pessoais.<\/p><h2>7. Uso respons\u00e1vel<\/h2><p>Ao visitar nosso site, voc\u00ea concorda em us\u00e1-lo apenas para os fins pretendidos e permitidos por estes Termos, quaisquer contratos adicionais conosco e as leis, regulamentos e pr\u00e1ticas online normalmente aceitas e diretrizes da ind\u00fastria.&nbsp;Voc\u00ea n\u00e3o deve usar nosso site ou servi\u00e7os para usar, publicar ou distribuir qualquer material que consista em (ou esteja vinculado a) software de computador malicioso; usar os dados coletados em nosso site para qualquer atividade de marketing direto; ou conduzir quaisquer atividades de coleta de dados sistem\u00e1tica ou automatizada em ou em rela\u00e7\u00e3o ao nosso site.<\/p><p>O envolvimento em qualquer atividade que cause ou possa causar danos ao site ou que interfira no desempenho, disponibilidade ou acessibilidade do site \u00e9 estritamente proibido.<\/p><h2>8. Pol\u00edtica de reembolso e devolu\u00e7\u00e3o<\/h2><p class=\"cmplz-subtitle\">8.1 Direito de cancelamento<\/p><p>Voc\u00ea tem o direito de rescindir este contrato em 14 dias, sem indicar o motivo.<\/p><p>O per\u00edodo de cancelamento ir\u00e1 expirar ap\u00f3s 14 dias a partir da data de conclus\u00e3o do contrato.<\/p><p>Para exercer o direito de cancelamento, voc\u00ea deve nos informar sobre sua decis\u00e3o de rescindir este contrato por meio de uma declara\u00e7\u00e3o inequ\u00edvoca (por exemplo, uma carta enviada por correio, fax ou e-mail).&nbsp;Nossos detalhes de contato podem ser encontrados abaixo.&nbsp;You may use the attached model <a target=\"_blank\" href=\"https:\/\/www.surfnesslodge.com\/wp-content\/uploads\/complianz\/withdrawal-forms\/withdrawal-form-pt.pdf\">withdrawal form<\/a>, but it is not obligatory.<\/p><p>Se voc\u00ea usar esta op\u00e7\u00e3o, iremos enviar a voc\u00ea um aviso de recebimento de tal cancelamento em uma m\u00eddia dur\u00e1vel (por exemplo, por e-mail) sem demora.<\/p><p>Para cumprir o prazo de cancelamento, basta-lhe enviar a sua comunica\u00e7\u00e3o relativa ao exerc\u00edcio do direito de rescis\u00e3o antes que o per\u00edodo de cancelamento expire.<\/p><p class=\"cmplz-subtitle\">8.2 Efeitos do cancelamento<\/p><p>Se voc\u00ea rescindir este contrato, iremos reembolsar todos os pagamentos recebidos de voc\u00ea, incluindo os custos de entrega (com exce\u00e7\u00e3o dos custos suplementares resultantes de sua escolha de um tipo de entrega diferente do tipo mais barato de entrega padr\u00e3o oferecido por n\u00f3s), sem atrasos indevidos e, em qualquer caso, o mais tardar 14 dias a partir da data em que formos informados da sua decis\u00e3o de rescindir este contrato.&nbsp;Realizaremos esse reembolso usando os mesmos meios de pagamento que voc\u00ea usou para a transa\u00e7\u00e3o inicial, a menos que voc\u00ea tenha expressamente acordado o contr\u00e1rio; em qualquer caso, voc\u00ea n\u00e3o incorrer\u00e1 em nenhuma taxa como resultado de tal reembolso.<\/p><p>Se voc\u00ea solicitou o in\u00edcio da execu\u00e7\u00e3o dos servi\u00e7os durante o per\u00edodo de cancelamento, dever\u00e1 nos pagar uma quantia proporcional ao que foi fornecido at\u00e9 que voc\u00ea tenha comunicado sua rescis\u00e3o deste contrato, em rela\u00e7\u00e3o com a cobertura total do contrato.<\/p><p>Observe que h\u00e1 algumas exce\u00e7\u00f5es legais ao direito de cancelamento e, portanto, alguns itens n\u00e3o podem ser devolvidos ou trocados.&nbsp;Avisaremos se isso se aplica ao seu caso espec\u00edfico.<\/p><h2>9. Submiss\u00e3o de ideias<\/h2><p>N\u00e3o envie ideias, inven\u00e7\u00f5es, trabalhos autorais ou outras informa\u00e7\u00f5es que possam ser consideradas de sua propriedade intelectual que voc\u00ea gostaria de apresentar para n\u00f3s, a menos que tenhamos assinado um acordo sobre a propriedade intelectual ou um acordo de n\u00e3o divulga\u00e7\u00e3o.&nbsp;Se voc\u00ea divulgar a n\u00f3s na aus\u00eancia de tal acordo por escrito, voc\u00ea nos concede uma licen\u00e7a mundial, irrevog\u00e1vel, n\u00e3o exclusiva e livre de royalties para usar, reproduzir, armazenar, adaptar, publicar, traduzir e distribuir seu conte\u00fado em qualquer m\u00eddia existente ou futura.<\/p><h2>10. Cessa\u00e7\u00e3o de uso<\/h2><p>Podemos, a nosso exclusivo crit\u00e9rio, a qualquer momento modificar ou descontinuar o acesso, tempor\u00e1ria ou permanentemente, ao site ou a qualquer Servi\u00e7o nele contido.&nbsp;Voc\u00ea concorda que n\u00e3o seremos respons\u00e1veis por voc\u00ea ou qualquer terceiro por qualquer modifica\u00e7\u00e3o, suspens\u00e3o ou interrup\u00e7\u00e3o de seu acesso ou uso do site ou de qualquer conte\u00fado que voc\u00ea possa ter compartilhado no site.&nbsp;Voc\u00ea n\u00e3o ter\u00e1 direito a qualquer compensa\u00e7\u00e3o ou outro pagamento, mesmo que certos recursos, configura\u00e7\u00f5es e\/ou qualquer Conte\u00fado com o qual tenha contribu\u00eddo ou do qual venha a depender sejam perdidos permanentemente.&nbsp;Voc\u00ea n\u00e3o deve contornar ou burlar, ou tentar contornar ou burlar, quaisquer medidas de restri\u00e7\u00e3o de acesso em nosso site.<\/p><h2>11. Garantias e responsabilidade<\/h2><p>Nada nesta se\u00e7\u00e3o limitar\u00e1 ou excluir\u00e1 qualquer garantia impl\u00edcita por lei que seria ilegal limitar ou excluir.&nbsp;Este site e todo o conte\u00fado do site s\u00e3o fornecidos \"no estado em que se encontram\" e \"conforme dispon\u00edvel\" e podem incluir imprecis\u00f5es ou erros tipogr\u00e1ficos.&nbsp;Renunciamos expressamente a todas as garantias de qualquer tipo, expressas ou impl\u00edcitas, quanto \u00e0 disponibilidade, precis\u00e3o ou integridade do Conte\u00fado.&nbsp;N\u00e3o garantimos que:<\/p><p><ul>\n\t\t\t\t<li>este site ou nossos produtos ou servi\u00e7os atender\u00e3o \u00e0s suas necessidades;<\/li>\n\t\t\t\t<li>este site estar\u00e1 dispon\u00edvel de forma ininterrupta, oportuna, segura ou livre de erros;<\/li>\n\t\t\t\t<li>a qualidade de qualquer produto ou servi\u00e7o adquirido ou obtido por voc\u00ea atrav\u00e9s deste site atender\u00e1 \u00e0s suas expectativas.<\/li>\n\t\t\t<\/ul><\/p><p>Nada neste site constitui, ou pretende constituir, aconselhamento jur\u00eddico, financeiro ou m\u00e9dico de qualquer tipo.&nbsp;Se voc\u00ea precisar de aconselhamento, deve consultar um profissional adequado.<\/p><p>As seguintes disposi\u00e7\u00f5es desta se\u00e7\u00e3o ser\u00e3o aplicadas na extens\u00e3o m\u00e1xima permitida pela lei aplic\u00e1vel e n\u00e3o limitar\u00e3o ou excluir\u00e3o nossa responsabilidade em rela\u00e7\u00e3o a qualquer assunto que seria il\u00edcito ou ilegal limitarmos ou excluirmos de nossa responsabilidade.&nbsp;Em nenhum caso seremos respons\u00e1veis por quaisquer danos diretos ou indiretos (incluindo quaisquer danos por perda de lucros ou receita, perda ou corrup\u00e7\u00e3o de dados, software ou banco de dados, ou perda ou dano \u00e0 propriedade ou dados) incorridos por voc\u00ea ou qualquer terceiro decorrentes do seu acesso ou uso do nosso site.<\/p><p>Exceto na medida em que qualquer contrato adicional declare expressamente o contr\u00e1rio, nossa responsabilidade m\u00e1xima para com voc\u00ea por todos os danos decorrentes ou relacionados ao site ou quaisquer produtos e servi\u00e7os comercializados ou vendidos atrav\u00e9s do site, independentemente da forma de a\u00e7\u00e3o legal que imp\u00f5e responsabilidade (seja em contrato, equidade, neglig\u00eancia, conduta pretendida, ato il\u00edcito ou de outra forma) ser\u00e1 limitado ao pre\u00e7o total que voc\u00ea pagou a n\u00f3s para adquirir tais produtos ou servi\u00e7os ou usar o site.&nbsp;Tal limite ser\u00e1 aplicado em conjunto a todas as suas reivindica\u00e7\u00f5es, a\u00e7\u00f5es e causas de a\u00e7\u00e3o de todos os tipos e naturezas.<\/p><h2>12. Privacidade<\/h2><p>Para acessar nosso site e\/ou servi\u00e7os, voc\u00ea pode precisar fornecer algumas informa\u00e7\u00f5es sobre voc\u00ea como parte do processo de registro.&nbsp;Voc\u00ea concorda que todas as informa\u00e7\u00f5es fornecidas ser\u00e3o sempre precisas, corretas e atualizadas.<\/p><p>Levamos seus dados pessoais a s\u00e9rio e temos o compromisso de proteger sua privacidade.&nbsp;N\u00e3o usaremos seu endere\u00e7o de e-mail para correspond\u00eancias n\u00e3o solicitadas.&nbsp;Quaisquer emails enviados por n\u00f3s para voc\u00ea ser\u00e3o apenas relacionados ao fornecimento dos produtos ou servi\u00e7os acordados.<\/p><p>Desenvolvemos uma pol\u00edtica para abordar quaisquer preocupa\u00e7\u00f5es de privacidade que voc\u00ea possa ter.&nbsp;For more information, please see our <a href=\"https:\/\/www.surfnesslodge.com\/privacy-policy\/\">Privacy Statement<\/a> and our <a href=\"https:\/\/www.surfnesslodge.com\/cookie-policy\/\">Cookie Policy<\/a>.<\/p><h2>13. Restri\u00e7\u00f5es de exporta\u00e7\u00e3o \/ Conformidade legal<\/h2><p>\u00c9 proibido o acesso ao site a partir de territ\u00f3rios ou pa\u00edses onde o Conte\u00fado ou a compra dos produtos ou Servi\u00e7os vendidos no site \u00e9 ilegal.&nbsp;Voc\u00ea n\u00e3o pode usar este site em viola\u00e7\u00e3o \u00e0s leis e regulamentos de exporta\u00e7\u00e3o de Portugal.<\/p><h2>14. Cess\u00e3o<\/h2><p>Voc\u00ea n\u00e3o pode ceder, transferir ou subcontratar nenhum de seus direitos e\/ou obriga\u00e7\u00f5es sob estes Termos e condi\u00e7\u00f5es, no todo ou em parte, a terceiros sem nosso consentimento pr\u00e9vio por escrito.&nbsp;Qualquer alegada cess\u00e3o em viola\u00e7\u00e3o a esta Se\u00e7\u00e3o ser\u00e1 nula e sem efeito.<\/p><h2>15. Viola\u00e7\u00f5es a estes Termos e Condi\u00e7\u00f5es<\/h2><p>Sem preju\u00edzo de nossos outros direitos sob estes Termos e Condi\u00e7\u00f5es, se voc\u00ea violar estes Termos e Condi\u00e7\u00f5es de qualquer forma, podemos tomar as medidas que considerarmos apropriadas para lidar com a viola\u00e7\u00e3o, incluindo a suspens\u00e3o tempor\u00e1ria ou permanente de seu acesso ao site, entrando em contato com seu provedor de servi\u00e7os de internet para solicitar o bloqueio de seu acesso ao site e\/ou iniciar uma a\u00e7\u00e3o legal contra voc\u00ea.<\/p><h2>16. Indeniza\u00e7\u00e3o<\/h2><p>Voc\u00ea concorda em indenizar, defender e nos isentar de responsabilidade, de e contra todas e quaisquer reivindica\u00e7\u00f5es, responsabilidades, danos, perdas e despesas relacionadas \u00e0 sua viola\u00e7\u00e3o destes Termos e condi\u00e7\u00f5es e das leis aplic\u00e1veis, incluindo direitos de propriedade intelectual e direitos de privacidade.&nbsp;Voc\u00ea nos reembolsar\u00e1 prontamente por nossos danos, perdas, custos e despesas relacionados ou decorrentes de tais reivindica\u00e7\u00f5es.<\/p><h2>17. Cancelamento<\/h2><p>O n\u00e3o cumprimento de qualquer um dos dispositivos estabelecidos nestes Termos e Condi\u00e7\u00f5es e em qualquer Contrato, ou o n\u00e3o exerc\u00edcio de qualquer op\u00e7\u00e3o de rescis\u00e3o n\u00e3o devem ser interpretados como ren\u00fancia de tais dispositivos e n\u00e3o afetar\u00e1 a validade destes Termos e Condi\u00e7\u00f5es ou de qualquer Contrato ou qualquer parte dele ou o direito posterior de fazer cumprir todas as disposi\u00e7\u00f5es.<\/p><h2>18. Idioma<\/h2><p>Estes Termos e Condi\u00e7\u00f5es ser\u00e3o interpretados e concebidos exclusivamente em Ingl\u00eas.&nbsp;Todas as notifica\u00e7\u00f5es e correspond\u00eancias ser\u00e3o redigidas exclusivamente neste idioma.<\/p><h2>19. Entendimento integral<\/h2><p>These Terms and Conditions, together with our <a href=\"https:\/\/www.surfnesslodge.com\/privacy-policy\/\">privacy statement<\/a> and <a href=\"https:\/\/www.surfnesslodge.com\/cookie-policy\/\">cookie policy<\/a>, constitute the entire agreement between you and Surfnesslodge in relation to your use of this website.<\/p><h2>20. Atualiza\u00e7\u00e3o destes Termos e Condi\u00e7\u00f5es<\/h2><p>Podemos atualizar estes Termos e Condi\u00e7\u00f5es de tempos em tempos.&nbsp;\u00c9 sua obriga\u00e7\u00e3o verificar periodicamente estes Termos e Condi\u00e7\u00f5es em busca de altera\u00e7\u00f5es ou atualiza\u00e7\u00f5es.&nbsp;A data fornecida no in\u00edcio destes Termos e Condi\u00e7\u00f5es \u00e9 a data de revis\u00e3o mais recente.&nbsp;As altera\u00e7\u00f5es a estes Termos e Condi\u00e7\u00f5es entrar\u00e3o em vigor ap\u00f3s tais altera\u00e7\u00f5es serem publicadas neste site.&nbsp;Seu uso continuado deste site ap\u00f3s a publica\u00e7\u00e3o de altera\u00e7\u00f5es ou atualiza\u00e7\u00f5es ser\u00e1 considerado um aviso de sua aceita\u00e7\u00e3o em cumprir e ser regido por estes Termos e Condi\u00e7\u00f5es.<\/p><h2>21. Legisla\u00e7\u00e3o aplic\u00e1vel e jurisdi\u00e7\u00e3o<\/h2><p>Estes Termos e Condi\u00e7\u00f5es ser\u00e3o regidos pelas leis de Portugal.&nbsp;Quaisquer disputas relacionadas a estes Termos e Condi\u00e7\u00f5es estar\u00e3o sujeitas \u00e0 jurisdi\u00e7\u00e3o dos tribunais de Portugal.&nbsp;Se qualquer parte ou disposi\u00e7\u00e3o destes Termos e Condi\u00e7\u00f5es for considerada por um tribunal ou outra autoridade inv\u00e1lida e\/ou inexequ\u00edvel sob a lei aplic\u00e1vel, tal parte ou disposi\u00e7\u00e3o ser\u00e1 modificada, exclu\u00edda e\/ou aplicada na extens\u00e3o m\u00e1xima permitida de modo a dar efeito \u00e0 inten\u00e7\u00e3o destes Termos e Condi\u00e7\u00f5es.&nbsp;As demais disposi\u00e7\u00f5es n\u00e3o ser\u00e3o afetadas.<\/p><h2>22. Informa\u00e7\u00f5es de Contato<\/h2><p>Este site pertence e \u00e9 operado por Surfnesslodge.<\/p><p>You may contact us regarding these Terms and Conditions by writing or emailing us at the following address: info&#064;s&#117;&#114;fn&#101;s&#115;lodg&#101;.&#099;o&#109;<br>Rua do lagido 19, Portogallo <\/p><h2>23. Baixar<\/h2><p>You can also <a href=\"https:\/\/www.surfnesslodge.com\/wp-content\/plugins\/complianz-terms-conditions\/download.php\">download<\/a> our Terms and Conditions as a PDF.<\/p><\/div><\/div>\n\t\t\t\t\t\t<\/div>\n\t\t\t\t<\/div>\n\t\t\t\t\t<\/div>\n\t\t\t\t<\/div>\n\t\t\t\t<\/div>\n\t\t","protected":false},"excerpt":{"rendered":"","protected":false},"author":1,"featured_media":0,"parent":0,"menu_order":0,"comment_status":"closed","ping_status":"closed","template":"","meta":{"ocean_post_layout":"","ocean_both_sidebars_style":"","ocean_both_sidebars_content_width":0,"ocean_both_sidebars_sidebars_width":0,"ocean_sidebar":"0","ocean_second_sidebar":"0","ocean_disable_margins":"enable","ocean_add_body_class":"","ocean_shortcode_before_top_bar":"","ocean_shortcode_after_top_bar":"","ocean_shortcode_before_header":"","ocean_shortcode_after_header":"","ocean_has_shortcode":"","ocean_shortcode_after_title":"","ocean_shortcode_before_footer_widgets":"","ocean_shortcode_after_footer_widgets":"","ocean_shortcode_before_footer_bottom":"","ocean_shortcode_after_footer_bottom":"","ocean_display_top_bar":"default","ocean_display_header":"default","ocean_header_style":"","ocean_center_header_left_menu":"0","ocean_custom_header_template":"0","ocean_custom_logo":0,"ocean_custom_retina_logo":0,"ocean_custom_logo_max_width":0,"ocean_custom_logo_tablet_max_width":0,"ocean_custom_logo_mobile_max_width":0,"ocean_custom_logo_max_height":0,"ocean_custom_logo_tablet_max_height":0,"ocean_custom_logo_mobile_max_height":0,"ocean_header_custom_menu":"0","ocean_menu_typo_font_family":"0","ocean_menu_typo_font_subset":"","ocean_menu_typo_font_size":0,"ocean_menu_typo_font_size_tablet":0,"ocean_menu_typo_font_size_mobile":0,"ocean_menu_typo_font_size_unit":"px","ocean_menu_typo_font_weight":"","ocean_menu_typo_font_weight_tablet":"","ocean_menu_typo_font_weight_mobile":"","ocean_menu_typo_transform":"","ocean_menu_typo_transform_tablet":"","ocean_menu_typo_transform_mobile":"","ocean_menu_typo_line_height":0,"ocean_menu_typo_line_height_tablet":0,"ocean_menu_typo_line_height_mobile":0,"ocean_menu_typo_line_height_unit":"","ocean_menu_typo_spacing":0,"ocean_menu_typo_spacing_tablet":0,"ocean_menu_typo_spacing_mobile":0,"ocean_menu_typo_spacing_unit":"","ocean_menu_link_color":"","ocean_menu_link_color_hover":"","ocean_menu_link_color_active":"","ocean_menu_link_background":"","ocean_menu_link_hover_background":"","ocean_menu_link_active_background":"","ocean_menu_social_links_bg":"","ocean_menu_social_hover_links_bg":"","ocean_menu_social_links_color":"","ocean_menu_social_hover_links_color":"","ocean_disable_title":"default","ocean_disable_heading":"default","ocean_post_title":"","ocean_post_subheading":"","ocean_post_title_style":"","ocean_post_title_background_color":"","ocean_post_title_background":0,"ocean_post_title_bg_image_position":"","ocean_post_title_bg_image_attachment":"","ocean_post_title_bg_image_repeat":"","ocean_post_title_bg_image_size":"","ocean_post_title_height":0,"ocean_post_title_bg_overlay":0.5,"ocean_post_title_bg_overlay_color":"","ocean_disable_breadcrumbs":"default","ocean_breadcrumbs_color":"","ocean_breadcrumbs_separator_color":"","ocean_breadcrumbs_links_color":"","ocean_breadcrumbs_links_hover_color":"","ocean_display_footer_widgets":"default","ocean_display_footer_bottom":"default","ocean_custom_footer_template":"0","footnotes":""},"categories":[],"tags":[],"class_list":["post-2452","page","type-page","status-publish","hentry","entry","owp-thumbs-layout-horizontal","owp-btn-normal","owp-tabs-layout-horizontal","has-no-thumbnails","has-product-nav"],"_links":{"self":[{"href":"https:\/\/www.surfnesslodge.com\/pt-pt\/wp-json\/wp\/v2\/pages\/2452","targetHints":{"allow":["GET"]}}],"collection":[{"href":"https:\/\/www.surfnesslodge.com\/pt-pt\/wp-json\/wp\/v2\/pages"}],"about":[{"href":"https:\/\/www.surfnesslodge.com\/pt-pt\/wp-json\/wp\/v2\/types\/page"}],"author":[{"embeddable":true,"href":"https:\/\/www.surfnesslodge.com\/pt-pt\/wp-json\/wp\/v2\/users\/1"}],"replies":[{"embeddable":true,"href":"https:\/\/www.surfnesslodge.com\/pt-pt\/wp-json\/wp\/v2\/comments?post=2452"}],"version-history":[{"count":0,"href":"https:\/\/www.surfnesslodge.com\/pt-pt\/wp-json\/wp\/v2\/pages\/2452\/revisions"}],"wp:attachment":[{"href":"https:\/\/www.surfnesslodge.com\/pt-pt\/wp-json\/wp\/v2\/media?parent=2452"}],"wp:term":[{"taxonomy":"category","embeddable":true,"href":"https:\/\/www.surfnesslodge.com\/pt-pt\/wp-json\/wp\/v2\/categories?post=2452"},{"taxonomy":"post_tag","embeddable":true,"href":"https:\/\/www.surfnesslodge.com\/pt-pt\/wp-json\/wp\/v2\/tags?post=2452"}],"curies":[{"name":"wp","href":"https:\/\/api.w.org\/{rel}","templated":true}]}}